{"id":70,"date":"2022-01-31T17:37:28","date_gmt":"2022-01-31T16:37:28","guid":{"rendered":"http:\/\/franceempire-auteur-revuepresse.com\/?page_id=70"},"modified":"2022-01-31T17:37:28","modified_gmt":"2022-01-31T16:37:28","slug":"sud-ouest","status":"publish","type":"page","link":"http:\/\/franceempire-auteur-revuepresse.com\/index.php\/sud-ouest\/","title":{"rendered":"Sud-Ouest"},"content":{"rendered":"\n<p><\/p>\n\n\n\n<p><\/p>\n\n\n\n<figure class=\"wp-block-image size-full\"><img loading=\"lazy\" width=\"945\" height=\"378\" src=\"http:\/\/franceempire-auteur-revuepresse.com\/wp-content\/uploads\/2022\/01\/image-9.png\" alt=\"\" class=\"wp-image-71\" srcset=\"http:\/\/franceempire-auteur-revuepresse.com\/wp-content\/uploads\/2022\/01\/image-9.png 945w, http:\/\/franceempire-auteur-revuepresse.com\/wp-content\/uploads\/2022\/01\/image-9-300x120.png 300w, http:\/\/franceempire-auteur-revuepresse.com\/wp-content\/uploads\/2022\/01\/image-9-768x307.png 768w\" sizes=\"(max-width: 945px) 100vw, 945px\" \/><\/figure>\n\n\n\n<p>Lundi 23 novembre 1992<\/p>\n\n\n\n<p><strong>RAPHAEL VONGSURAVATANA A LA LIBRAIRIE MOLLAT<\/strong><\/p>\n\n\n\n<p>&nbsp;&nbsp; Ancien \u00e9l\u00e8ve du coll\u00e8ge Tivoli, chercheur en histoire moderne \u00e0 la Sorbonne et \u00e0 la Librairie catholique de Paris, sp\u00e9cialiste du Siam ancien, <a href=\"http:\/\/archives-gironde-sud-ouest.com\/index.php\/une-mention-avant-henri-iv\/\" title=\"Rapha\u00ebl Vongsuravatana\">Rapha\u00ebl Vongsuravatana<\/a> sera mercredi 25 novembre, \u00e0 18 heures, l\u2019invit\u00e9 de la librairie Mollat. Il y pr\u00e9sentera son livre \u00ab&nbsp;Un j\u00e9suite \u00e0 la cour de Siam&nbsp;\u00bb, publi\u00e9 aux \u00e9ditions France-Empire. Un livre qui conte l\u2019histoire du p\u00e8re Tachard, personnage complexe et attachant, qui fut le repr\u00e9sentant de Louis XIV aupr\u00e8s du roi de Siam.<\/p>\n","protected":false},"excerpt":{"rendered":"<p>Lundi 23 novembre 1992 RAPHAEL VONGSURAVATANA A LA LIBRAIRIE MOLLAT &nbsp;&nbsp; Ancien \u00e9l\u00e8ve du coll\u00e8ge Tivoli, chercheur en histoire moderne \u00e0 la Sorbonne et \u00e0 la Librairie catholique de Paris, sp\u00e9cialiste du Siam ancien, Rapha\u00ebl Vongsuravatana sera mercredi 25 novembre, \u00e0 18 heures, l\u2019invit\u00e9 de la librairie Mollat. Il y pr\u00e9sentera son livre \u00ab&nbsp;Un j\u00e9suite [&hellip;]<\/p>\n","protected":false},"author":1,"featured_media":0,"parent":0,"menu_order":0,"comment_status":"closed","ping_status":"closed","template":"","meta":{"om_disable_all_campaigns":false,"_monsterinsights_skip_tracking":false,"_monsterinsights_sitenote_active":false,"_monsterinsights_sitenote_note":"","_monsterinsights_sitenote_category":0},"_links":{"self":[{"href":"http:\/\/franceempire-auteur-revuepresse.com\/index.php\/wp-json\/wp\/v2\/pages\/70"}],"collection":[{"href":"http:\/\/franceempire-auteur-revuepresse.com\/index.php\/wp-json\/wp\/v2\/pages"}],"about":[{"href":"http:\/\/franceempire-auteur-revuepresse.com\/index.php\/wp-json\/wp\/v2\/types\/page"}],"author":[{"embeddable":true,"href":"http:\/\/franceempire-auteur-revuepresse.com\/index.php\/wp-json\/wp\/v2\/users\/1"}],"replies":[{"embeddable":true,"href":"http:\/\/franceempire-auteur-revuepresse.com\/index.php\/wp-json\/wp\/v2\/comments?post=70"}],"version-history":[{"count":2,"href":"http:\/\/franceempire-auteur-revuepresse.com\/index.php\/wp-json\/wp\/v2\/pages\/70\/revisions"}],"predecessor-version":[{"id":73,"href":"http:\/\/franceempire-auteur-revuepresse.com\/index.php\/wp-json\/wp\/v2\/pages\/70\/revisions\/73"}],"wp:attachment":[{"href":"http:\/\/franceempire-auteur-revuepresse.com\/index.php\/wp-json\/wp\/v2\/media?parent=70"}],"curies":[{"name":"wp","href":"https:\/\/api.w.org\/{rel}","templated":true}]}}