{"id":41,"date":"2022-01-28T16:04:55","date_gmt":"2022-01-28T15:04:55","guid":{"rendered":"http:\/\/franceempire-auteur-revuepresse.com\/?page_id=41"},"modified":"2022-01-28T16:09:10","modified_gmt":"2022-01-28T15:09:10","slug":"france-empire-revue-de-presse-7","status":"publish","type":"page","link":"http:\/\/franceempire-auteur-revuepresse.com\/index.php\/france-empire-revue-de-presse-7\/","title":{"rendered":"Valeurs Actuelles"},"content":{"rendered":"\n<p><\/p>\n\n\n\n<p><\/p>\n\n\n\n<figure class=\"wp-block-image size-full\"><img loading=\"lazy\" width=\"945\" height=\"347\" src=\"http:\/\/franceempire-auteur-revuepresse.com\/wp-content\/uploads\/2022\/01\/image-8.png\" alt=\"\" class=\"wp-image-42\" srcset=\"http:\/\/franceempire-auteur-revuepresse.com\/wp-content\/uploads\/2022\/01\/image-8.png 945w, http:\/\/franceempire-auteur-revuepresse.com\/wp-content\/uploads\/2022\/01\/image-8-300x110.png 300w, http:\/\/franceempire-auteur-revuepresse.com\/wp-content\/uploads\/2022\/01\/image-8-768x282.png 768w\" sizes=\"(max-width: 945px) 100vw, 945px\" \/><\/figure>\n\n\n\n<p>27 juillet 1992<\/p>\n\n\n\n<p><strong>UN JESUITE DU SIAM.<\/strong><\/p>\n\n\n\n<p>Destin singulier que celui de ce <em>J\u00e9suite \u00e0 la Cour du Siam<\/em>, racont\u00e9 par Rapha\u00ebl Vongsuravatana (France-Empire), l\u2019histoire du p\u00e8re Tachard, mort \u00e0 Chandernagor en 1712. Repr\u00e9sentant de Louis XIV aupr\u00e8s du Roi de Siam, il fut d\u00e9fenseur de la puissance fran\u00e7aise face \u00e0 l\u2019influence portugaise. \u00ab&nbsp;Ce missionnaire fut aussi un grand visionnaire, qui a ouvert \u00e0 la France les routes de l\u2019Asie&nbsp;\u00bb, \u00e9crit l\u2019auteur.<\/p>\n","protected":false},"excerpt":{"rendered":"<p>27 juillet 1992 UN JESUITE DU SIAM. Destin singulier que celui de ce J\u00e9suite \u00e0 la Cour du Siam, racont\u00e9 par Rapha\u00ebl Vongsuravatana (France-Empire), l\u2019histoire du p\u00e8re Tachard, mort \u00e0 Chandernagor en 1712. Repr\u00e9sentant de Louis XIV aupr\u00e8s du Roi de Siam, il fut d\u00e9fenseur de la puissance fran\u00e7aise face \u00e0 l\u2019influence portugaise. \u00ab&nbsp;Ce missionnaire [&hellip;]<\/p>\n","protected":false},"author":1,"featured_media":0,"parent":0,"menu_order":0,"comment_status":"closed","ping_status":"closed","template":"","meta":{"om_disable_all_campaigns":false,"_monsterinsights_skip_tracking":false,"_monsterinsights_sitenote_active":false,"_monsterinsights_sitenote_note":"","_monsterinsights_sitenote_category":0},"_links":{"self":[{"href":"http:\/\/franceempire-auteur-revuepresse.com\/index.php\/wp-json\/wp\/v2\/pages\/41"}],"collection":[{"href":"http:\/\/franceempire-auteur-revuepresse.com\/index.php\/wp-json\/wp\/v2\/pages"}],"about":[{"href":"http:\/\/franceempire-auteur-revuepresse.com\/index.php\/wp-json\/wp\/v2\/types\/page"}],"author":[{"embeddable":true,"href":"http:\/\/franceempire-auteur-revuepresse.com\/index.php\/wp-json\/wp\/v2\/users\/1"}],"replies":[{"embeddable":true,"href":"http:\/\/franceempire-auteur-revuepresse.com\/index.php\/wp-json\/wp\/v2\/comments?post=41"}],"version-history":[{"count":4,"href":"http:\/\/franceempire-auteur-revuepresse.com\/index.php\/wp-json\/wp\/v2\/pages\/41\/revisions"}],"predecessor-version":[{"id":59,"href":"http:\/\/franceempire-auteur-revuepresse.com\/index.php\/wp-json\/wp\/v2\/pages\/41\/revisions\/59"}],"wp:attachment":[{"href":"http:\/\/franceempire-auteur-revuepresse.com\/index.php\/wp-json\/wp\/v2\/media?parent=41"}],"curies":[{"name":"wp","href":"https:\/\/api.w.org\/{rel}","templated":true}]}}