{"id":4,"date":"2022-01-28T15:51:14","date_gmt":"2022-01-28T14:51:14","guid":{"rendered":"http:\/\/franceempire-auteur-revuepresse.com\/?page_id=4"},"modified":"2022-04-01T17:55:14","modified_gmt":"2022-04-01T15:55:14","slug":"france-empire-revue-de-presse","status":"publish","type":"page","link":"http:\/\/franceempire-auteur-revuepresse.com\/","title":{"rendered":"La Croix"},"content":{"rendered":"\n<p><\/p>\n\n\n\n<p><\/p>\n\n\n\n<figure class=\"wp-block-image size-full\"><img loading=\"lazy\" width=\"945\" height=\"246\" src=\"http:\/\/franceempire-auteur-revuepresse.com\/wp-content\/uploads\/2022\/01\/image-1.png\" alt=\"\" class=\"wp-image-9\" srcset=\"http:\/\/franceempire-auteur-revuepresse.com\/wp-content\/uploads\/2022\/01\/image-1.png 945w, http:\/\/franceempire-auteur-revuepresse.com\/wp-content\/uploads\/2022\/01\/image-1-300x78.png 300w, http:\/\/franceempire-auteur-revuepresse.com\/wp-content\/uploads\/2022\/01\/image-1-768x200.png 768w\" sizes=\"(max-width: 945px) 100vw, 945px\" \/><\/figure>\n\n\n\n<p>DIMANCHE 24, LUNDI 25 JANVIER 1993<\/p>\n\n\n\n<p>LIVRES<\/p>\n\n\n\n<p>Histoire<\/p>\n\n\n\n<p><strong>J\u00e9suite, diplomate<\/strong> <strong>et aventurier en orient<\/strong><\/p>\n\n\n\n<p><strong>La vie extraordinaire du missionnaire Guy Tachard envoy\u00e9 par Louis XIV \u00e0 la cour de Siam.<\/strong><\/p>\n\n\n\n<p><strong>D<\/strong>ans les histoires des missions ou de la colonisation fran\u00e7aise, le <a href=\"https:\/\/fr.wikipedia.org\/wiki\/Guy_Tachard\" title=\"P. Guy Tachard\">P. Guy Tachard<\/a> (1684-1712) n\u2019est que furtivement cit\u00e9, ou m\u00eame purement omis. Ce j\u00e9suite missionnaire et diplomate m\u00e9ritait d\u2019\u00eatre sorti de l\u2019oubli. Merci donc \u00e0 <a href=\"https:\/\/www.babelio.com\/auteur\/Raphal-Vongsuravatana\/97820\" title=\"Rapha\u00ebl Vongsuravatana\">Rapha\u00ebl Vongsuravatana<\/a>, jeune historien de 22 ans. Le m\u00e9moire de ma\u00eetrise qu\u2019il a consacr\u00e9 \u00e0 cette personnalit\u00e9 hors du commun est aujourd\u2019hui publi\u00e9 (1).<\/p>\n\n\n\n<p>&nbsp;&nbsp; Nous avons plaisir \u00e0 suivre ce grand voyageur au long de ses quatre allers et retours de la France au Siam et en Inde, plus un cinqui\u00e8me voyage sans retour. Quand la travers\u00e9e ne dure que six ou sept mois, on la consid\u00e8re comme extr\u00eamement rapide&nbsp;! Sur l\u2019espace restreint des navires, la cohabitation est \u00e9prouvante&nbsp;; on s\u2019y forge autant d\u2019amiti\u00e9s solides que de haines d\u00e9finitives. Et les voyages, ce sont aussi les guerres coloniales&nbsp;: le P. Tachard est prisonnier des hollandais pendant un an.<\/p>\n\n\n\n<p><strong>&nbsp;&nbsp; Le Siam occupe sa vie<\/strong><\/p>\n\n\n\n<p>&nbsp;&nbsp; Il appartient au groupe des six j\u00e9suites-math\u00e9maticiens envoy\u00e9s par Louis XIV en Chine, en 1685, sur le navire qui transporte une ambassade fran\u00e7aise au roi de Siam. A la gloire des armes en Europe, le roi tr\u00e8s chr\u00e9tien veut ajouter celle du protecteur des sciences et du propagateur de la foi catholique&nbsp;: la conversion esp\u00e9r\u00e9e du roi de Siam, Nara\u00ef, entra\u00eenerait celle de tout son peuple.<\/p>\n\n\n\n<p>&nbsp;&nbsp; Le P. Tachard s\u2019arr\u00eatera au Siam. Les circonstances, et un certain go\u00fbt de l\u2019intrigue font de lui la cheville ouvri\u00e8re de n\u00e9gociations t\u00e9n\u00e9breuses, \u00e0 la fois diplomatiques, militaires, \u00e9conomiques et religieuses. Avec un \u00e9tonnant aventurier grec, Constantin Phaulcon, devenu premier ministre de Siam, Tachard court-circuite les diplomates. En 1686, il se pr\u00e9sente entour\u00e9 de mandarins siamois comme le quasi-ambassadeur de Nara\u00ef \u00e0 la cour de Versailles. Les relations avec le Siam sont devenues sa raison de vivre.<\/p>\n\n\n\n<p>&nbsp;&nbsp; Tachard n\u2019oublie pas qu\u2019il est missionnaire. Mais il lui faut, l\u00e0 encore, d\u00e9nouer une foule de conflits. Etablir un <em>modus vivendi<\/em> avec les Missions \u00e9trang\u00e8res de Paris, d\u00e9j\u00e0 pr\u00e9sentes \u00e0 la capitale du Siam. Aller \u00e0 Rome clarifier l\u2019affaire du serment des missionnaires, que les j\u00e9suites ne veulent pas pr\u00eater. Quand le l\u00e9gat Maillard passe \u00e0 Pondich\u00e9ry, en 1703, il est pris dans la querelle des rites.<\/p>\n\n\n\n<p>&nbsp;&nbsp; Sans en \u00eatre forc\u00e9ment coupable, la diplomatie de Tachard se solde par un \u00e9chec. Finalement, son champ de mission, c\u2019est l\u2019Inde des comptoirs fran\u00e7ais&nbsp;: Pondich\u00e9ry et Chandernagor. Il construit \u00e9glises et h\u00f4pitaux, tente d\u2019apprendre le sanscrit et d\u2019autres langues locales. Il songe \u00e0 renouveler l\u2019exp\u00e9rience de Nobili.<\/p>\n\n\n\n<p><strong>&nbsp;&nbsp; Fin \u00e0 Chandernagor<\/strong><\/p>\n\n\n\n<p>&nbsp;&nbsp; En bon termes avec Fan\u00e7ois Martin, le directeur de la compagnie des Ibdes, Tachard se f\u00e2che avec son successeur. Il doit finalement quitter Pondich\u00e9ry pour Chandernagor, o\u00f9 il meurt en 1712.<\/p>\n\n\n\n<p>&nbsp;&nbsp; Cet ouvrage propose non seulement un r\u00e9cit agr\u00e9able mais il est aussi un v\u00e9ritable instrument de travail&nbsp;: la pr\u00e9sentation des sources, la bibliohraphie, la chronologie, un lexique g\u00e9ographique et culturel, et surtout un dictionnaire des personnages, qui fait revivre une foule d\u2019aventuriers de la politique, du commerce et de Dieu, permettent avec bonheur d\u2019aller plus loin. Seuls manquent au lecteur une carte de l\u2019Inde et du Siam, ainsi qu\u2019un index.<\/p>\n\n\n\n<p><strong><a href=\"https:\/\/www.babelio.com\/auteur\/Jean-Comby\/119358\/bibliographie\" title=\"Jean COMBY\">Jean COMBY<\/a><\/strong><\/p>\n\n\n\n<p>_____<\/p>\n\n\n\n<ul><li><em><a href=\"http:\/\/franceempire-auteur-revuepresse.com\/index.php\/france-empire-revue-de-presse-2\/\" title=\"Un j\u00e9suite \u00e0 la cour de Siam\">Un j\u00e9suite \u00e0 la cour de Siam<\/a>,<\/em> de Rapha\u00ebl Vongsuravatana, Pr\u00e9face de Jean Meyer. France-Empire, 330 pages, 120 F.<\/li><\/ul>\n","protected":false},"excerpt":{"rendered":"<p>DIMANCHE 24, LUNDI 25 JANVIER 1993 LIVRES Histoire J\u00e9suite, diplomate et aventurier en orient La vie extraordinaire du missionnaire Guy Tachard envoy\u00e9 par Louis XIV \u00e0 la cour de Siam. Dans les histoires des missions ou de la colonisation fran\u00e7aise, le P. Guy Tachard (1684-1712) n\u2019est que furtivement cit\u00e9, ou m\u00eame purement omis. Ce j\u00e9suite [&hellip;]<\/p>\n","protected":false},"author":1,"featured_media":0,"parent":0,"menu_order":0,"comment_status":"closed","ping_status":"closed","template":"","meta":{"om_disable_all_campaigns":false,"_monsterinsights_skip_tracking":false,"_monsterinsights_sitenote_active":false,"_monsterinsights_sitenote_note":"","_monsterinsights_sitenote_category":0},"_links":{"self":[{"href":"http:\/\/franceempire-auteur-revuepresse.com\/index.php\/wp-json\/wp\/v2\/pages\/4"}],"collection":[{"href":"http:\/\/franceempire-auteur-revuepresse.com\/index.php\/wp-json\/wp\/v2\/pages"}],"about":[{"href":"http:\/\/franceempire-auteur-revuepresse.com\/index.php\/wp-json\/wp\/v2\/types\/page"}],"author":[{"embeddable":true,"href":"http:\/\/franceempire-auteur-revuepresse.com\/index.php\/wp-json\/wp\/v2\/users\/1"}],"replies":[{"embeddable":true,"href":"http:\/\/franceempire-auteur-revuepresse.com\/index.php\/wp-json\/wp\/v2\/comments?post=4"}],"version-history":[{"count":10,"href":"http:\/\/franceempire-auteur-revuepresse.com\/index.php\/wp-json\/wp\/v2\/pages\/4\/revisions"}],"predecessor-version":[{"id":83,"href":"http:\/\/franceempire-auteur-revuepresse.com\/index.php\/wp-json\/wp\/v2\/pages\/4\/revisions\/83"}],"wp:attachment":[{"href":"http:\/\/franceempire-auteur-revuepresse.com\/index.php\/wp-json\/wp\/v2\/media?parent=4"}],"curies":[{"name":"wp","href":"https:\/\/api.w.org\/{rel}","templated":true}]}}