{"id":34,"date":"2022-01-28T16:03:48","date_gmt":"2022-01-28T15:03:48","guid":{"rendered":"http:\/\/franceempire-auteur-revuepresse.com\/?page_id=34"},"modified":"2022-01-28T17:50:09","modified_gmt":"2022-01-28T16:50:09","slug":"france-empire-revue-de-presse-5","status":"publish","type":"page","link":"http:\/\/franceempire-auteur-revuepresse.com\/index.php\/france-empire-revue-de-presse-5\/","title":{"rendered":"Famille Chr\u00e9tienne"},"content":{"rendered":"\n<p><\/p>\n\n\n\n<p><\/p>\n\n\n\n<p><\/p>\n\n\n\n<figure class=\"wp-block-image size-full\"><img loading=\"lazy\" width=\"945\" height=\"466\" src=\"http:\/\/franceempire-auteur-revuepresse.com\/wp-content\/uploads\/2022\/01\/image-6.png\" alt=\"\" class=\"wp-image-35\" srcset=\"http:\/\/franceempire-auteur-revuepresse.com\/wp-content\/uploads\/2022\/01\/image-6.png 945w, http:\/\/franceempire-auteur-revuepresse.com\/wp-content\/uploads\/2022\/01\/image-6-300x148.png 300w, http:\/\/franceempire-auteur-revuepresse.com\/wp-content\/uploads\/2022\/01\/image-6-768x379.png 768w\" sizes=\"(max-width: 945px) 100vw, 945px\" \/><\/figure>\n\n\n\n<p>11 f\u00e9vrier 1993<\/p>\n\n\n\n<p><\/p>\n\n\n\n<p><strong>EVANGELISATION<\/strong><\/p>\n\n\n\n<p><strong>UN JESUITE ALA COUR DE SIAM<\/strong><\/p>\n\n\n\n<p>par R. Vongsuravatana,<\/p>\n\n\n\n<p>Editions France Empire&nbsp;;<\/p>\n\n\n\n<p>330 pages, 120 F.<\/p>\n\n\n\n<p>A l\u2019\u00e9poque du Roi-Soleil, la France dans son approche de l\u2019Extr\u00eame-Orient fut servie par d\u2019admirables missionnaires qui m\u00ealaient \u00e0 leur valeur spirituelle d\u2019ind\u00e9niables qualit\u00e9s humaines&nbsp;; ils furent ainsi \u00e0 m\u00eame de faire rayonner durablement la culture de notre pays et leur propre foi. Le P\u00e8re Tachard, J\u00e9suite riche de solides exp\u00e9riences, ambitieux mais z\u00e9l\u00e9, arriva en 1685 dans ce qui \u00e9tait alors le Siam (la Tha\u00eflande depuis 1940) et gr\u00e2ce \u00e0 cette double facult\u00e9, s\u2019adaptait au pays pour y assurer un apostolat convaincant. Il se lia notamment avec le premier ministre, C. Phaulkon, aventurier converti au catholicisme qui avait quelque peu ouvert le petit royaume \u00e0 l\u2019Occident. L\u2019\u0153uvre du missionnaire pouvait ainsi \u00eatre men\u00e9e \u00e0 bien, non sans cr\u00e9er des jalousies. Son action en effet, difficilement appr\u00e9ciable de loin, suscitera des controverses que l\u2019auteur, en puisant \u00e0 de nombreuses sources, cherche \u00e0 mettre au clair. Sans doute s\u2019agit-il l\u00e0 d\u2019un \u00e9pisode secondaire de la grande histoire, mais il n\u2019en constitue pas moins une \u00e9tape importante dans celle des Missions fran\u00e7aises et du r\u00f4le jou\u00e9 par la Compagnie dans la propagation de la religion catholique dans cette partie du monde.&nbsp;&nbsp; &nbsp;&nbsp;&nbsp;&nbsp;&nbsp;&nbsp;&nbsp;&nbsp;&nbsp;&nbsp;&nbsp;&nbsp;&nbsp;&nbsp;&nbsp;&nbsp;&nbsp;&nbsp;&nbsp;&nbsp;&nbsp;&nbsp;&nbsp; &nbsp;&nbsp;&nbsp;&nbsp;&nbsp;&nbsp;&nbsp;&nbsp;&nbsp;&nbsp;                            &nbsp;&nbsp;&nbsp;&nbsp;&nbsp;&nbsp;&nbsp;&nbsp;&nbsp;&nbsp;&nbsp;&nbsp;&nbsp;&nbsp;&nbsp;&nbsp;&nbsp;&nbsp;&nbsp;&nbsp;&nbsp;&nbsp;&nbsp;&nbsp; &nbsp;&nbsp;&nbsp;&nbsp;&nbsp;&nbsp;&nbsp;&nbsp;&nbsp;&nbsp;&nbsp; &nbsp;&nbsp;&nbsp;&nbsp;&nbsp;D.V.<\/p>\n","protected":false},"excerpt":{"rendered":"<p>11 f\u00e9vrier 1993 EVANGELISATION UN JESUITE ALA COUR DE SIAM par R. Vongsuravatana, Editions France Empire&nbsp;; 330 pages, 120 F. A l\u2019\u00e9poque du Roi-Soleil, la France dans son approche de l\u2019Extr\u00eame-Orient fut servie par d\u2019admirables missionnaires qui m\u00ealaient \u00e0 leur valeur spirituelle d\u2019ind\u00e9niables qualit\u00e9s humaines&nbsp;; ils furent ainsi \u00e0 m\u00eame de faire rayonner durablement la [&hellip;]<\/p>\n","protected":false},"author":1,"featured_media":0,"parent":0,"menu_order":0,"comment_status":"closed","ping_status":"closed","template":"","meta":{"om_disable_all_campaigns":false,"_monsterinsights_skip_tracking":false,"_monsterinsights_sitenote_active":false,"_monsterinsights_sitenote_note":"","_monsterinsights_sitenote_category":0},"_links":{"self":[{"href":"http:\/\/franceempire-auteur-revuepresse.com\/index.php\/wp-json\/wp\/v2\/pages\/34"}],"collection":[{"href":"http:\/\/franceempire-auteur-revuepresse.com\/index.php\/wp-json\/wp\/v2\/pages"}],"about":[{"href":"http:\/\/franceempire-auteur-revuepresse.com\/index.php\/wp-json\/wp\/v2\/types\/page"}],"author":[{"embeddable":true,"href":"http:\/\/franceempire-auteur-revuepresse.com\/index.php\/wp-json\/wp\/v2\/users\/1"}],"replies":[{"embeddable":true,"href":"http:\/\/franceempire-auteur-revuepresse.com\/index.php\/wp-json\/wp\/v2\/comments?post=34"}],"version-history":[{"count":3,"href":"http:\/\/franceempire-auteur-revuepresse.com\/index.php\/wp-json\/wp\/v2\/pages\/34\/revisions"}],"predecessor-version":[{"id":61,"href":"http:\/\/franceempire-auteur-revuepresse.com\/index.php\/wp-json\/wp\/v2\/pages\/34\/revisions\/61"}],"wp:attachment":[{"href":"http:\/\/franceempire-auteur-revuepresse.com\/index.php\/wp-json\/wp\/v2\/media?parent=34"}],"curies":[{"name":"wp","href":"https:\/\/api.w.org\/{rel}","templated":true}]}}