{"id":31,"date":"2022-01-28T15:53:58","date_gmt":"2022-01-28T14:53:58","guid":{"rendered":"http:\/\/franceempire-auteur-revuepresse.com\/?page_id=31"},"modified":"2022-04-01T17:21:02","modified_gmt":"2022-04-01T15:21:02","slug":"france-empire-revue-de-presse-4","status":"publish","type":"page","link":"http:\/\/franceempire-auteur-revuepresse.com\/index.php\/france-empire-revue-de-presse-4\/","title":{"rendered":"Le Courrier Fran\u00e7ais"},"content":{"rendered":"\n<p><\/p>\n\n\n\n<p><\/p>\n\n\n\n<p><\/p>\n\n\n\n<figure class=\"wp-block-image size-full\"><img loading=\"lazy\" width=\"630\" height=\"195\" src=\"http:\/\/franceempire-auteur-revuepresse.com\/wp-content\/uploads\/2022\/01\/image-5.png\" alt=\"\" class=\"wp-image-32\" srcset=\"http:\/\/franceempire-auteur-revuepresse.com\/wp-content\/uploads\/2022\/01\/image-5.png 630w, http:\/\/franceempire-auteur-revuepresse.com\/wp-content\/uploads\/2022\/01\/image-5-300x93.png 300w\" sizes=\"(max-width: 630px) 100vw, 630px\" \/><\/figure>\n\n\n\n<p>Vendredi 27 novembre 1992<\/p>\n\n\n\n<p><em>LETTRES D\u2019AQUITAINE<\/em><\/p>\n\n\n\n<p><strong>PRESENCE JESUITE<\/strong><\/p>\n\n\n\n<p>\u00a0\u00a0 Deux Bordelais viennent de publier, chacun de leur c\u00f4t\u00e9, une \u00e9tude sur des personnalit\u00e9s de la Compagnie de J\u00e9sus. <a href=\"https:\/\/fr.wikipedia.org\/wiki\/Jean_Lacouture\" title=\"Jean Lacouture\">Jean Lacouture<\/a> propose aux lecteurs le tome II de son \u00e9tude \u00ab\u00a0J\u00e9suites\u00a0\u00bb, avec en sous-titre \u00ab\u00a0Les revenants\u00a0\u00bb. De son c\u00f4t\u00e9 <a href=\"https:\/\/presse-regionale-archives.com\/\" title=\"Rapha\u00ebl Vongsuravatana\">Rapha\u00ebl Vongsuravatana<\/a> a \u00e9tudi\u00e9 \u00ab\u00a0Un J\u00e9suite \u00e0 la Cour de Siam\u00a0\u00bb.<\/p>\n\n\n\n<p>&nbsp;&nbsp; Deux recherches, une seule conclusion&nbsp;: chez les J\u00e9suites se trouvent des personnalit\u00e9s de premier plan.<\/p>\n\n\n\n<p>\u00a0\u00a0 Le <a href=\"https:\/\/fr.wikipedia.org\/wiki\/Guy_Tachard\" title=\"P\u00e8re Tachard\">P\u00e8re Tachard<\/a> est un Angoumois, n\u00e9 vers 1648, dans un milieu bourgeois. A 20 ans, il entre dans la Compagnie. Etudes th\u00e9ologiques et scientifiques avant d\u2019effectuer un grand voyage aux Am\u00e9riques. Retour et \u00e9tudes \u00e0 Louis-Le-Grand jusque vers 1684.<\/p>\n\n\n\n<p>&nbsp;&nbsp; Ann\u00e9e d\u00e9cisive car cette ann\u00e9e arrive \u00e0 Paris un missionnaire qui vient de Chine. Le Roi Louis XIV, devant l\u2019expos\u00e9 de la situation, d\u00e9cide d\u2019envoyer vers ce pays lointain six j\u00e9suites, afin d\u2019assurer l\u2019\u00e9vang\u00e9lisation, mais aussi la pr\u00e9sence fran\u00e7aise sur cette terre, avec en arri\u00e8re pens\u00e9e des vis\u00e9es commerciales.<\/p>\n\n\n\n<p>&nbsp;&nbsp; Le P\u00e8re Tachard est du voyage. Ainsi d\u00e9bute pour le jeune j\u00e9suite une longue carri\u00e8re de missionnaire, mais aussi de diplomate et d\u2019agent d\u2019influence de la royaut\u00e9 fran\u00e7aise sur des terres qui s\u2019ouvrent au commerce avec l\u2019Occident. Il est difficile de r\u00e9sumer le livre de Rapha\u00ebl Vongsuravatana tant est riche la documentation de l\u2019auteur. On y lira les d\u00e9m\u00eal\u00e9s du religieux avec les autorit\u00e9s locales, les actions entreprises pour asseoir la France sur des comptoirs efficaces. Le religieux r\u00e9ussira dans son action aupr\u00e8s du roi de Siam, avec des fonctions enviables. Mais le succ\u00e8s ne sera pas assez assis pour survivre \u00e0 une r\u00e9volution de palais. Les espoirs et la sant\u00e9 du P\u00e8re Tachard seront r\u00e9duits et le 21 octobre, il viendra \u00e0 mourir.<\/p>\n\n\n\n<p>&nbsp;&nbsp; Vie mouvement\u00e9e, vie efficace, vie surprenante pour nos mentalit\u00e9s, mais r\u00e9alit\u00e9 en son temps. Ces quelques lignes redisent la richesse de cet ouvrage, qui est un m\u00e9moire de ma\u00eetrise, pr\u00e9fac\u00e9 par le professeur Jean Meyer.<\/p>\n\n\n\n<p>&nbsp;&nbsp; Nous savons que l\u2019auteur de ce travail poursuit ses recherches sur l\u2019Orient sous la direction d\u2019un professeur d\u2019Histoire de l\u2019Universit\u00e9 de Bordeaux.<\/p>\n\n\n\n<p>&nbsp;&nbsp; Jean Lacouture nous avait cont\u00e9, dans le premier volume de son \u00e9tude, la naisse de la Compagnie avec Ignace de Loyola et son histoire jusqu\u2019\u00e0 la suppression en 1773. Aujourd\u2019hui il retrouve \u00ab&nbsp;Les revenants&nbsp;\u00bb, c\u2019est-\u00e0-dire la seconde g\u00e9n\u00e9ration, qui revit en 1814. Histoire de la Compagnie, mais surtout visages de personnalit\u00e9s de cet ordre qui marqu\u00e8rent la Congr\u00e9gation. Notons le P\u00e8re Tailhard de Chardin, ou le P\u00e8re Pedro Arrupe, Michel de Certeau ou le cardinal Carlo-Maria Martini, qui pourrait devenir le\u2026 premier pape j\u00e9suite&nbsp;!<\/p>\n\n\n\n<p>&nbsp;&nbsp; Un livre de stricte histoire, mais dans une langue faite d\u2019anecdotes et de remarques tr\u00e8s humaines. Une suite de portraits bien camp\u00e9s.<\/p>\n\n\n\n<p>&nbsp;&nbsp; Tivoli, la maison des J\u00e9suites \u00e0 Bordeaux, o\u00f9 Jean Lacouture fit ses \u00e9tudes, est pr\u00e9sente en ces pages, bien \u00e9videmment.<\/p>\n\n\n\n<p>&nbsp;&nbsp; Deux documents qui t\u00e9moignent de la vie de l\u2019Eglise au cours des si\u00e8cles.<\/p>\n\n\n\n<p>&nbsp;&nbsp; Un regard lucide sur l\u2019histoire de l\u2019Eglise.<\/p>\n\n\n\n<p><strong>Guy PERRAUDEAU<\/strong><\/p>\n\n\n\n<p><strong>&nbsp;&nbsp; <\/strong><em>UN JESUITE A LA COUR DE SIAM par Rapha\u00ebl Vongsuravatana (ed. France-Empire \u2013 330p \u2013 120 f)<\/em><\/p>\n","protected":false},"excerpt":{"rendered":"<p>Vendredi 27 novembre 1992 LETTRES D\u2019AQUITAINE PRESENCE JESUITE \u00a0\u00a0 Deux Bordelais viennent de publier, chacun de leur c\u00f4t\u00e9, une \u00e9tude sur des personnalit\u00e9s de la Compagnie de J\u00e9sus. Jean Lacouture propose aux lecteurs le tome II de son \u00e9tude \u00ab\u00a0J\u00e9suites\u00a0\u00bb, avec en sous-titre \u00ab\u00a0Les revenants\u00a0\u00bb. De son c\u00f4t\u00e9 Rapha\u00ebl Vongsuravatana a \u00e9tudi\u00e9 \u00ab\u00a0Un J\u00e9suite \u00e0 [&hellip;]<\/p>\n","protected":false},"author":1,"featured_media":0,"parent":0,"menu_order":0,"comment_status":"closed","ping_status":"closed","template":"","meta":{"om_disable_all_campaigns":false,"_monsterinsights_skip_tracking":false,"_monsterinsights_sitenote_active":false,"_monsterinsights_sitenote_note":"","_monsterinsights_sitenote_category":0},"_links":{"self":[{"href":"http:\/\/franceempire-auteur-revuepresse.com\/index.php\/wp-json\/wp\/v2\/pages\/31"}],"collection":[{"href":"http:\/\/franceempire-auteur-revuepresse.com\/index.php\/wp-json\/wp\/v2\/pages"}],"about":[{"href":"http:\/\/franceempire-auteur-revuepresse.com\/index.php\/wp-json\/wp\/v2\/types\/page"}],"author":[{"embeddable":true,"href":"http:\/\/franceempire-auteur-revuepresse.com\/index.php\/wp-json\/wp\/v2\/users\/1"}],"replies":[{"embeddable":true,"href":"http:\/\/franceempire-auteur-revuepresse.com\/index.php\/wp-json\/wp\/v2\/comments?post=31"}],"version-history":[{"count":5,"href":"http:\/\/franceempire-auteur-revuepresse.com\/index.php\/wp-json\/wp\/v2\/pages\/31\/revisions"}],"predecessor-version":[{"id":78,"href":"http:\/\/franceempire-auteur-revuepresse.com\/index.php\/wp-json\/wp\/v2\/pages\/31\/revisions\/78"}],"wp:attachment":[{"href":"http:\/\/franceempire-auteur-revuepresse.com\/index.php\/wp-json\/wp\/v2\/media?parent=31"}],"curies":[{"name":"wp","href":"https:\/\/api.w.org\/{rel}","templated":true}]}}