{"id":15,"date":"2022-01-28T15:52:26","date_gmt":"2022-01-28T14:52:26","guid":{"rendered":"http:\/\/franceempire-auteur-revuepresse.com\/?page_id=15"},"modified":"2022-04-01T17:52:25","modified_gmt":"2022-04-01T15:52:25","slug":"france-empire-revue-de-presse-2","status":"publish","type":"page","link":"http:\/\/franceempire-auteur-revuepresse.com\/index.php\/france-empire-revue-de-presse-2\/","title":{"rendered":"Revue des Etudes"},"content":{"rendered":"\n<p><\/p>\n\n\n\n<p><\/p>\n\n\n\n<figure class=\"wp-block-image size-full\"><img loading=\"lazy\" width=\"938\" height=\"336\" src=\"http:\/\/franceempire-auteur-revuepresse.com\/wp-content\/uploads\/2022\/01\/image-2.png\" alt=\"\" class=\"wp-image-16\" srcset=\"http:\/\/franceempire-auteur-revuepresse.com\/wp-content\/uploads\/2022\/01\/image-2.png 938w, http:\/\/franceempire-auteur-revuepresse.com\/wp-content\/uploads\/2022\/01\/image-2-300x107.png 300w, http:\/\/franceempire-auteur-revuepresse.com\/wp-content\/uploads\/2022\/01\/image-2-768x275.png 768w\" sizes=\"(max-width: 938px) 100vw, 938px\" \/><\/figure>\n\n\n\n<p>Octobre 1992<\/p>\n\n\n\n<p>Rapha\u00ebl VONGSURAVATANA<\/p>\n\n\n\n<p><strong><em>Un j\u00e9suite \u00e0 la cour de Siam<\/em><\/strong><\/p>\n\n\n\n<p>Pr\u00e9face de <a href=\"https:\/\/fr.wikipedia.org\/wiki\/Jean_Meyer_(historien,_1924)\" title=\"Jean Meyer\">Jean Meyer<\/a>, France-Empire, 1992, 330 pages, 120 F.<\/p>\n\n\n\n<p>&nbsp;&nbsp; La pr\u00e9face est enthousiaste, la lecture est passionnante. Pourtant, l\u2019auteur ne c\u00e8de pas \u00e0 la facilit\u00e9, comme en t\u00e9moignent la deuxi\u00e8me partie du livre, o\u00f9 il a r\u00e9uni les pi\u00e8ces du dossier, et la troisi\u00e8me, o\u00f9 il consacre une note biographique, abondamment document\u00e9e, \u00e0 tous les personnages de son r\u00e9cit. Ce r\u00e9cit (la premi\u00e8re partie du livre) est celui des aventures siamoises d\u2019un j\u00e9suite fran\u00e7ais, le P\u00e8re Guy Tachard (1648-1712). Missionnaire dans l\u2019\u00e2me, ce dernier s\u2019est trouv\u00e9 jet\u00e9 au c\u0153ur de n\u00e9gociations et d\u2019intrigues. Autour de lui se tisse tout un r\u00e9sseau de conflits et de comromis&nbsp;: ceux d Roi tr\u00e8s chr\u00e9tien et de la cour de Rome, ceux des j\u00e9suites et des pr\u00eatres des Missions \u00e9trang\u00e8res de Paris, ceux des partisans et des adversaires de la politique fran\u00e7aise de pr\u00e9sence en Asie. Finalement, une r\u00e9volution de palais, au Siam m\u00eame, ruinera les espoirs du diplomate improvis\u00e9. Le grand empire dont il r\u00eavait, pour le bien de la religion, se r\u00e9duire aux comptoirs fran\u00e7ais de l\u2019Inde. Il mourra \u00e0 Chandernagor, apr\u00e8s avoir douze ann\u00e9es durant, donn\u00e9 libre cours \u00e0 la vocation qu\u2019il portait en lui depuis son d\u00e9part impr\u00e9vu de Paris, o\u00f9 il aurait pu faire, au coll\u00e8ge Louis-le-Grand, une paisible carri\u00e8re d\u2019humaniste math\u00e9maticien.<\/p>\n\n\n\n<ul><li><a href=\"https:\/\/www.revue-christus.com\/article\/joseph-thomas-s-j-1915-1992-158\" title=\"Joseph Thomas\">Joseph Thomas<\/a><\/li><\/ul>\n\n\n\n<p><\/p>\n\n\n\n<p><\/p>\n\n\n\n<p><\/p>\n\n\n\n<p><em><strong>La presse en parle<\/strong><\/em><\/p>\n\n\n\n<ul><li>Etudes, 10 1992<\/li><li>Famille Chr\u00e9tienne, 11 02 1993<\/li><li>La Croix, 25 01 1993<\/li><li>Le Courrier Fran\u00e7ais, 27 11 1992<\/li><li>Le Monde, 05 02 1993<\/li><li>Point de Vue et Images du Monde, 21 07 1992<\/li><li>Valeurs actuelles, 27 07 1992<\/li><\/ul>\n\n\n\n<p><\/p>\n","protected":false},"excerpt":{"rendered":"<p>Octobre 1992 Rapha\u00ebl VONGSURAVATANA Un j\u00e9suite \u00e0 la cour de Siam Pr\u00e9face de Jean Meyer, France-Empire, 1992, 330 pages, 120 F. &nbsp;&nbsp; La pr\u00e9face est enthousiaste, la lecture est passionnante. Pourtant, l\u2019auteur ne c\u00e8de pas \u00e0 la facilit\u00e9, comme en t\u00e9moignent la deuxi\u00e8me partie du livre, o\u00f9 il a r\u00e9uni les pi\u00e8ces du dossier, et [&hellip;]<\/p>\n","protected":false},"author":1,"featured_media":0,"parent":0,"menu_order":0,"comment_status":"closed","ping_status":"closed","template":"","meta":{"om_disable_all_campaigns":false,"_monsterinsights_skip_tracking":false,"_monsterinsights_sitenote_active":false,"_monsterinsights_sitenote_note":"","_monsterinsights_sitenote_category":0},"_links":{"self":[{"href":"http:\/\/franceempire-auteur-revuepresse.com\/index.php\/wp-json\/wp\/v2\/pages\/15"}],"collection":[{"href":"http:\/\/franceempire-auteur-revuepresse.com\/index.php\/wp-json\/wp\/v2\/pages"}],"about":[{"href":"http:\/\/franceempire-auteur-revuepresse.com\/index.php\/wp-json\/wp\/v2\/types\/page"}],"author":[{"embeddable":true,"href":"http:\/\/franceempire-auteur-revuepresse.com\/index.php\/wp-json\/wp\/v2\/users\/1"}],"replies":[{"embeddable":true,"href":"http:\/\/franceempire-auteur-revuepresse.com\/index.php\/wp-json\/wp\/v2\/comments?post=15"}],"version-history":[{"count":9,"href":"http:\/\/franceempire-auteur-revuepresse.com\/index.php\/wp-json\/wp\/v2\/pages\/15\/revisions"}],"predecessor-version":[{"id":81,"href":"http:\/\/franceempire-auteur-revuepresse.com\/index.php\/wp-json\/wp\/v2\/pages\/15\/revisions\/81"}],"wp:attachment":[{"href":"http:\/\/franceempire-auteur-revuepresse.com\/index.php\/wp-json\/wp\/v2\/media?parent=15"}],"curies":[{"name":"wp","href":"https:\/\/api.w.org\/{rel}","templated":true}]}}